{"id":414,"date":"2020-07-07T18:54:53","date_gmt":"2020-07-07T18:54:53","guid":{"rendered":"http:\/\/pelosincentroveterinario.es\/?page_id=414"},"modified":"2020-09-30T12:39:01","modified_gmt":"2020-09-30T12:39:01","slug":"hotel-de-gatos","status":"publish","type":"page","link":"https:\/\/pelosincentroveterinario.es\/index.php\/hotel-de-gatos\/","title":{"rendered":"Hotel de gatos"},"content":{"rendered":"\t\t<div data-elementor-type=\"wp-page\" data-elementor-id=\"414\" class=\"elementor elementor-414\" data-elementor-settings=\"[]\">\n\t\t\t\t\t\t<div class=\"elementor-inner\">\n\t\t\t\t\t\t\t<div class=\"elementor-section-wrap\">\n\t\t\t\t\t\t\t<section class=\"elementor-section elementor-top-section elementor-element elementor-element-75387dcc elementor-section-content-middle elementor-section-boxed elementor-section-height-default elementor-section-height-default\" data-id=\"75387dcc\" data-element_type=\"section\">\n\t\t\t\t\t\t<div class=\"elementor-container elementor-column-gap-no\">\n\t\t\t\t\t\t\t<div class=\"elementor-row\">\n\t\t\t\t\t<div class=\"elementor-column elementor-col-50 elementor-top-column elementor-element elementor-element-366c211e\" data-id=\"366c211e\" data-element_type=\"column\">\n\t\t\t<div class=\"elementor-column-wrap elementor-element-populated\">\n\t\t\t\t\t\t\t<div class=\"elementor-widget-wrap\">\n\t\t\t\t\t\t<div class=\"elementor-element elementor-element-56bb2bc5 elementor-widget elementor-widget-heading\" data-id=\"56bb2bc5\" data-element_type=\"widget\" data-widget_type=\"heading.default\">\n\t\t\t\t<div class=\"elementor-widget-container\">\n\t\t\t<h1 class=\"elementor-heading-title elementor-size-default\">Hotel de gatos<\/h1>\t\t<\/div>\n\t\t\t\t<\/div>\n\t\t\t\t<div class=\"elementor-element elementor-element-01e4ec3 elementor-widget elementor-widget-heading\" data-id=\"01e4ec3\" data-element_type=\"widget\" data-widget_type=\"heading.default\">\n\t\t\t\t<div class=\"elementor-widget-container\">\n\t\t\t<h2 class=\"elementor-heading-title elementor-size-default\">Residencia felina en asturias<\/h2>\t\t<\/div>\n\t\t\t\t<\/div>\n\t\t\t\t<div class=\"elementor-element elementor-element-22657f8 elementor-widget elementor-widget-image\" data-id=\"22657f8\" data-element_type=\"widget\" data-widget_type=\"image.default\">\n\t\t\t\t<div class=\"elementor-widget-container\">\n\t\t\t\t\t\t\t\t<div class=\"elementor-image\">\n\t\t\t\t\t\t\t\t\t\t\t\t<img loading=\"lazy\" decoding=\"async\" width=\"800\" height=\"534\" src=\"https:\/\/pelosincentroveterinario.es\/wp-content\/uploads\/2020\/08\/DSC_0084-1024x683.jpg\" class=\"attachment-large size-large\" alt=\"Hotel de gatos Gij\u00f3n\" \/>\t\t\t\t\t\t\t\t\t\t\t\t\t\t<\/div>\n\t\t\t\t\t\t<\/div>\n\t\t\t\t<\/div>\n\t\t\t\t<div class=\"elementor-element elementor-element-7cefa8ae elementor-widget elementor-widget-text-editor\" data-id=\"7cefa8ae\" data-element_type=\"widget\" data-widget_type=\"text-editor.default\">\n\t\t\t\t<div class=\"elementor-widget-container\">\n\t\t\t\t\t\t\t\t<div class=\"elementor-text-editor elementor-clearfix\">\n\t\t\t\t<p>Las instalaciones de nuestro hotel est\u00e1n dise\u00f1adas para que nuestros gatos se sientan como en casa. \u00a0\u00a1Ven a conocernos!<\/p>\t\t\t\t\t<\/div>\n\t\t\t\t\t\t<\/div>\n\t\t\t\t<\/div>\n\t\t\t\t\t\t<\/div>\n\t\t\t\t\t<\/div>\n\t\t<\/div>\n\t\t\t\t<div class=\"elementor-column elementor-col-50 elementor-top-column elementor-element elementor-element-7c2c446b\" data-id=\"7c2c446b\" data-element_type=\"column\">\n\t\t\t<div class=\"elementor-column-wrap elementor-element-populated\">\n\t\t\t\t\t\t\t<div class=\"elementor-widget-wrap\">\n\t\t\t\t\t\t<div class=\"elementor-element elementor-element-16c4cd0 elementor-widget elementor-widget-heading\" data-id=\"16c4cd0\" data-element_type=\"widget\" data-widget_type=\"heading.default\">\n\t\t\t\t<div class=\"elementor-widget-container\">\n\t\t\t<h3 class=\"elementor-heading-title elementor-size-default\">INSTALACIONES<\/h3>\t\t<\/div>\n\t\t\t\t<\/div>\n\t\t\t\t<div class=\"elementor-element elementor-element-1ff4ea6a elementor-widget elementor-widget-toggle\" data-id=\"1ff4ea6a\" data-element_type=\"widget\" data-widget_type=\"toggle.default\">\n\t\t\t\t<div class=\"elementor-widget-container\">\n\t\t\t\t\t<div class=\"elementor-toggle\" role=\"tablist\">\n\t\t\t\t\t\t\t<div class=\"elementor-toggle-item\">\n\t\t\t\t\t<div id=\"elementor-tab-title-5361\" class=\"elementor-tab-title\" data-tab=\"1\" role=\"tab\" aria-controls=\"elementor-tab-content-5361\" aria-expanded=\"false\">\n\t\t\t\t\t\t\t\t\t\t\t\t<span class=\"elementor-toggle-icon elementor-toggle-icon-right\" aria-hidden=\"true\">\n\t\t\t\t\t\t\t\t\t\t\t\t\t\t\t<span class=\"elementor-toggle-icon-closed\"><i class=\"fas fa-caret-right\"><\/i><\/span>\n\t\t\t\t\t\t\t\t<span class=\"elementor-toggle-icon-opened\"><i class=\"elementor-toggle-icon-opened fas fa-caret-up\"><\/i><\/span>\n\t\t\t\t\t\t\t\t\t\t\t\t\t<\/span>\n\t\t\t\t\t\t\t\t\t\t\t\t<a href=\"\" class=\"elementor-toggle-title\">Habitaciones<\/a>\n\t\t\t\t\t<\/div>\n\n\t\t\t\t\t<div id=\"elementor-tab-content-5361\" class=\"elementor-tab-content elementor-clearfix\" data-tab=\"1\" role=\"tabpanel\" aria-labelledby=\"elementor-tab-title-5361\"><p>El hotel cuenta con 4 habitaciones de 3m\u00b2, con cabida de hasta 4 gatos de un mismo n\u00facleo familiar. Disponen de comedero, bebedero, arenero y cama individuales. As\u00ed como un rascador y distintos niveles.<\/p><\/div>\n\t\t\t\t<\/div>\n\t\t\t\t\t\t\t<div class=\"elementor-toggle-item\">\n\t\t\t\t\t<div id=\"elementor-tab-title-5362\" class=\"elementor-tab-title\" data-tab=\"2\" role=\"tab\" aria-controls=\"elementor-tab-content-5362\" aria-expanded=\"false\">\n\t\t\t\t\t\t\t\t\t\t\t\t<span class=\"elementor-toggle-icon elementor-toggle-icon-right\" aria-hidden=\"true\">\n\t\t\t\t\t\t\t\t\t\t\t\t\t\t\t<span class=\"elementor-toggle-icon-closed\"><i class=\"fas fa-caret-right\"><\/i><\/span>\n\t\t\t\t\t\t\t\t<span class=\"elementor-toggle-icon-opened\"><i class=\"elementor-toggle-icon-opened fas fa-caret-up\"><\/i><\/span>\n\t\t\t\t\t\t\t\t\t\t\t\t\t<\/span>\n\t\t\t\t\t\t\t\t\t\t\t\t<a href=\"\" class=\"elementor-toggle-title\">Zona de juegos<\/a>\n\t\t\t\t\t<\/div>\n\n\t\t\t\t\t<div id=\"elementor-tab-content-5362\" class=\"elementor-tab-content elementor-clearfix\" data-tab=\"2\" role=\"tabpanel\" aria-labelledby=\"elementor-tab-title-5362\"><p>La zona com\u00fan de juegos est\u00e1 dividida en 2 plantas y comunicadas con una rampa de uso exclusivo felino. En la planta alta, hay un ventanal por donde entra el sol y se puede ver lo que pasa en la calle.<\/p><\/div>\n\t\t\t\t<\/div>\n\t\t\t\t\t\t\t\t<\/div>\n\t\t\t\t<\/div>\n\t\t\t\t<\/div>\n\t\t\t\t<div class=\"elementor-element elementor-element-ec7872d elementor-widget elementor-widget-heading\" data-id=\"ec7872d\" data-element_type=\"widget\" data-widget_type=\"heading.default\">\n\t\t\t\t<div class=\"elementor-widget-container\">\n\t\t\t<h3 class=\"elementor-heading-title elementor-size-default\">INFORMACI\u00d3N<\/h3>\t\t<\/div>\n\t\t\t\t<\/div>\n\t\t\t\t<div class=\"elementor-element elementor-element-9cb2479 elementor-widget elementor-widget-toggle\" data-id=\"9cb2479\" data-element_type=\"widget\" data-widget_type=\"toggle.default\">\n\t\t\t\t<div class=\"elementor-widget-container\">\n\t\t\t\t\t<div class=\"elementor-toggle\" role=\"tablist\">\n\t\t\t\t\t\t\t<div class=\"elementor-toggle-item\">\n\t\t\t\t\t<div id=\"elementor-tab-title-1641\" class=\"elementor-tab-title\" data-tab=\"1\" role=\"tab\" aria-controls=\"elementor-tab-content-1641\" aria-expanded=\"false\">\n\t\t\t\t\t\t\t\t\t\t\t\t<span class=\"elementor-toggle-icon elementor-toggle-icon-right\" aria-hidden=\"true\">\n\t\t\t\t\t\t\t\t\t\t\t\t\t\t\t<span class=\"elementor-toggle-icon-closed\"><i class=\"fas fa-caret-right\"><\/i><\/span>\n\t\t\t\t\t\t\t\t<span class=\"elementor-toggle-icon-opened\"><i class=\"elementor-toggle-icon-opened fas fa-caret-up\"><\/i><\/span>\n\t\t\t\t\t\t\t\t\t\t\t\t\t<\/span>\n\t\t\t\t\t\t\t\t\t\t\t\t<a href=\"\" class=\"elementor-toggle-title\">Reserva<\/a>\n\t\t\t\t\t<\/div>\n\n\t\t\t\t\t<div id=\"elementor-tab-content-1641\" class=\"elementor-tab-content elementor-clearfix\" data-tab=\"1\" role=\"tabpanel\" aria-labelledby=\"elementor-tab-title-1641\"><p>Puedes reservar llamando al tel\u00e9fono 984 28 57 44\u00a0o al\u00a0684 61 52 11. Pr\u00f3ximamente contaremos con booking online.<\/p><\/div>\n\t\t\t\t<\/div>\n\t\t\t\t\t\t\t<div class=\"elementor-toggle-item\">\n\t\t\t\t\t<div id=\"elementor-tab-title-1642\" class=\"elementor-tab-title\" data-tab=\"2\" role=\"tab\" aria-controls=\"elementor-tab-content-1642\" aria-expanded=\"false\">\n\t\t\t\t\t\t\t\t\t\t\t\t<span class=\"elementor-toggle-icon elementor-toggle-icon-right\" aria-hidden=\"true\">\n\t\t\t\t\t\t\t\t\t\t\t\t\t\t\t<span class=\"elementor-toggle-icon-closed\"><i class=\"fas fa-caret-right\"><\/i><\/span>\n\t\t\t\t\t\t\t\t<span class=\"elementor-toggle-icon-opened\"><i class=\"elementor-toggle-icon-opened fas fa-caret-up\"><\/i><\/span>\n\t\t\t\t\t\t\t\t\t\t\t\t\t<\/span>\n\t\t\t\t\t\t\t\t\t\t\t\t<a href=\"\" class=\"elementor-toggle-title\">Requisitos<\/a>\n\t\t\t\t\t<\/div>\n\n\t\t\t\t\t<div id=\"elementor-tab-content-1642\" class=\"elementor-tab-content elementor-clearfix\" data-tab=\"2\" role=\"tabpanel\" aria-labelledby=\"elementor-tab-title-1642\"><p>Los gatos tienen que venir desparasitados interna y externamente, testados de leucemia e inmunodeficiencia, vacunados de trivalente (Panleucopenia, Calicivirus , Rinotraqueitis) y leucemia, y castrados si son mayores de 7 meses.<\/p><p>*Admisi\u00f3n de gatos positivos de leucemia y\/o inmunodeficiencia bajo estudio previo y disponibilidad.<\/p><\/div>\n\t\t\t\t<\/div>\n\t\t\t\t\t\t\t\t<\/div>\n\t\t\t\t<\/div>\n\t\t\t\t<\/div>\n\t\t\t\t\t\t<\/div>\n\t\t\t\t\t<\/div>\n\t\t<\/div>\n\t\t\t\t\t\t\t\t<\/div>\n\t\t\t\t\t<\/div>\n\t\t<\/section>\n\t\t\t\t<section class=\"elementor-section elementor-top-section elementor-element elementor-element-4a7eb08 elementor-section-boxed elementor-section-height-default elementor-section-height-default\" data-id=\"4a7eb08\" data-element_type=\"section\">\n\t\t\t\t\t\t<div class=\"elementor-container elementor-column-gap-default\">\n\t\t\t\t\t\t\t<div class=\"elementor-row\">\n\t\t\t\t\t<div class=\"elementor-column elementor-col-100 elementor-top-column elementor-element elementor-element-16f63d9\" data-id=\"16f63d9\" data-element_type=\"column\">\n\t\t\t<div class=\"elementor-column-wrap elementor-element-populated\">\n\t\t\t\t\t\t\t<div class=\"elementor-widget-wrap\">\n\t\t\t\t\t\t<div class=\"elementor-element elementor-element-5351898 elementor-widget elementor-widget-gallery\" data-id=\"5351898\" data-element_type=\"widget\" data-settings=\"{&quot;lazyload&quot;:&quot;yes&quot;,&quot;gallery_layout&quot;:&quot;grid&quot;,&quot;columns&quot;:4,&quot;columns_tablet&quot;:2,&quot;columns_mobile&quot;:1,&quot;gap&quot;:{&quot;unit&quot;:&quot;px&quot;,&quot;size&quot;:10,&quot;sizes&quot;:[]},&quot;gap_tablet&quot;:{&quot;unit&quot;:&quot;px&quot;,&quot;size&quot;:10,&quot;sizes&quot;:[]},&quot;gap_mobile&quot;:{&quot;unit&quot;:&quot;px&quot;,&quot;size&quot;:10,&quot;sizes&quot;:[]},&quot;link_to&quot;:&quot;file&quot;,&quot;aspect_ratio&quot;:&quot;3:2&quot;,&quot;overlay_background&quot;:&quot;yes&quot;,&quot;content_hover_animation&quot;:&quot;fade-in&quot;}\" data-widget_type=\"gallery.default\">\n\t\t\t\t<div class=\"elementor-widget-container\">\n\t\t\t\t\t<div class=\"elementor-gallery__container\">\n\t\t\t\t\t\t\t<a class=\"e-gallery-item elementor-gallery-item elementor-animated-content\" href=\"https:\/\/pelosincentroveterinario.es\/wp-content\/uploads\/2020\/08\/DSC_0008-1.jpg\" data-elementor-open-lightbox=\"yes\" data-elementor-lightbox-slideshow=\"all-5351898\" data-elementor-lightbox-title=\"Zona_de_Juegos_Pelos\u00edn\" data-elementor-lightbox-description=\"Zona_de_Juegos_Pelos\u00edn\">\n\t\t\t\t\t<div class=\"e-gallery-image elementor-gallery-item__image\" data-thumbnail=\"https:\/\/pelosincentroveterinario.es\/wp-content\/uploads\/2020\/08\/DSC_0008-1-300x200.jpg\" data-width=\"300\" data-height=\"200\" alt=\"Zona de juegos de Pelos\u00edn\" ><\/div>\n\t\t\t\t\t\t\t\t\t\t<div class=\"elementor-gallery-item__overlay\"><\/div>\n\t\t\t\t\t\t\t\t\t\t\t\t\t\t<\/a>\n\t\t\t\t\t\t\t<a class=\"e-gallery-item elementor-gallery-item elementor-animated-content\" href=\"https:\/\/pelosincentroveterinario.es\/wp-content\/uploads\/2020\/08\/DSC_0165-2.jpg\" data-elementor-open-lightbox=\"yes\" data-elementor-lightbox-slideshow=\"all-5351898\" data-elementor-lightbox-title=\"Zona_de_juegos_al_sol_para_gatos\" data-elementor-lightbox-description=\"Zona de juegos al sol para gatos\">\n\t\t\t\t\t<div class=\"e-gallery-image elementor-gallery-item__image\" data-thumbnail=\"https:\/\/pelosincentroveterinario.es\/wp-content\/uploads\/2020\/08\/DSC_0165-2-300x200.jpg\" data-width=\"300\" data-height=\"200\" alt=\"Zona de juegos al sol para gatos\" ><\/div>\n\t\t\t\t\t\t\t\t\t\t<div class=\"elementor-gallery-item__overlay\"><\/div>\n\t\t\t\t\t\t\t\t\t\t\t\t\t\t<\/a>\n\t\t\t\t\t\t\t<a class=\"e-gallery-item elementor-gallery-item elementor-animated-content\" href=\"https:\/\/pelosincentroveterinario.es\/wp-content\/uploads\/2020\/08\/DSC_0111-1.jpg\" data-elementor-open-lightbox=\"yes\" data-elementor-lightbox-slideshow=\"all-5351898\" data-elementor-lightbox-title=\"Cama_para_gato_en_la_habitaci\u00f3n\" data-elementor-lightbox-description=\"Cama para gato en la habitaci\u00f3n\">\n\t\t\t\t\t<div class=\"e-gallery-image elementor-gallery-item__image\" data-thumbnail=\"https:\/\/pelosincentroveterinario.es\/wp-content\/uploads\/2020\/08\/DSC_0111-1-300x200.jpg\" data-width=\"300\" data-height=\"200\" alt=\"Cama para gatos\" ><\/div>\n\t\t\t\t\t\t\t\t\t\t<div class=\"elementor-gallery-item__overlay\"><\/div>\n\t\t\t\t\t\t\t\t\t\t\t\t\t\t<\/a>\n\t\t\t\t\t\t\t<a class=\"e-gallery-item elementor-gallery-item elementor-animated-content\" href=\"https:\/\/pelosincentroveterinario.es\/wp-content\/uploads\/2020\/08\/DSC_0142-copy.jpg\" data-elementor-open-lightbox=\"yes\" data-elementor-lightbox-slideshow=\"all-5351898\" data-elementor-lightbox-title=\"Cama cubo en habitaci\u00f3n para gato\" data-elementor-lightbox-description=\"Cama cubo en habitaci\u00f3n para gato\">\n\t\t\t\t\t<div class=\"e-gallery-image elementor-gallery-item__image\" data-thumbnail=\"https:\/\/pelosincentroveterinario.es\/wp-content\/uploads\/2020\/08\/DSC_0142-copy-300x200.jpg\" data-width=\"300\" data-height=\"200\" alt=\"Habitaci\u00f3n para gatos de Pelos\u00edn\" ><\/div>\n\t\t\t\t\t\t\t\t\t\t<div class=\"elementor-gallery-item__overlay\"><\/div>\n\t\t\t\t\t\t\t\t\t\t\t\t\t\t<\/a>\n\t\t\t\t\t\t\t<a class=\"e-gallery-item elementor-gallery-item elementor-animated-content\" href=\"https:\/\/pelosincentroveterinario.es\/wp-content\/uploads\/2020\/08\/DSC_0126.jpg\" data-elementor-open-lightbox=\"yes\" data-elementor-lightbox-slideshow=\"all-5351898\" data-elementor-lightbox-title=\"Juguetes_para_gatos\" data-elementor-lightbox-description=\"Juguetes para gatos\">\n\t\t\t\t\t<div class=\"e-gallery-image elementor-gallery-item__image\" data-thumbnail=\"https:\/\/pelosincentroveterinario.es\/wp-content\/uploads\/2020\/08\/DSC_0126-300x200.jpg\" data-width=\"300\" data-height=\"200\" alt=\"Juguetes para gatos\" ><\/div>\n\t\t\t\t\t\t\t\t\t\t<div class=\"elementor-gallery-item__overlay\"><\/div>\n\t\t\t\t\t\t\t\t\t\t\t\t\t\t<\/a>\n\t\t\t\t\t\t\t<a class=\"e-gallery-item elementor-gallery-item elementor-animated-content\" href=\"https:\/\/pelosincentroveterinario.es\/wp-content\/uploads\/2020\/08\/DSC_0141.jpg\" data-elementor-open-lightbox=\"yes\" data-elementor-lightbox-slideshow=\"all-5351898\" data-elementor-lightbox-title=\"Habitaci\u00f3n para gatos\" data-elementor-lightbox-description=\"Habitaci\u00f3n para gatos\">\n\t\t\t\t\t<div class=\"e-gallery-image elementor-gallery-item__image\" data-thumbnail=\"https:\/\/pelosincentroveterinario.es\/wp-content\/uploads\/2020\/08\/DSC_0141-300x200.jpg\" data-width=\"300\" data-height=\"200\" alt=\"Habitaci\u00f3n para gatos\" ><\/div>\n\t\t\t\t\t\t\t\t\t\t<div class=\"elementor-gallery-item__overlay\"><\/div>\n\t\t\t\t\t\t\t\t\t\t\t\t\t\t<\/a>\n\t\t\t\t\t\t\t<a class=\"e-gallery-item elementor-gallery-item elementor-animated-content\" href=\"https:\/\/pelosincentroveterinario.es\/wp-content\/uploads\/2020\/08\/DSC_0084-scaled.jpg\" data-elementor-open-lightbox=\"yes\" data-elementor-lightbox-slideshow=\"all-5351898\" data-elementor-lightbox-title=\"Residencia_de_gatos_Gij\u00f3n\" data-elementor-lightbox-description=\"Hotel de gatos Pelos\u00edn\">\n\t\t\t\t\t<div class=\"e-gallery-image elementor-gallery-item__image\" data-thumbnail=\"https:\/\/pelosincentroveterinario.es\/wp-content\/uploads\/2020\/08\/DSC_0084-300x200.jpg\" data-width=\"300\" data-height=\"200\" alt=\"Hotel de gatos Gij\u00f3n\" ><\/div>\n\t\t\t\t\t\t\t\t\t\t<div class=\"elementor-gallery-item__overlay\"><\/div>\n\t\t\t\t\t\t\t\t\t\t\t\t\t\t<\/a>\n\t\t\t\t\t\t\t<a class=\"e-gallery-item elementor-gallery-item elementor-animated-content\" href=\"https:\/\/pelosincentroveterinario.es\/wp-content\/uploads\/2020\/08\/DSC_0082-copy-1.jpg\" data-elementor-open-lightbox=\"yes\" data-elementor-lightbox-slideshow=\"all-5351898\" data-elementor-lightbox-title=\"Rascador tres alturas para gatos\" data-elementor-lightbox-description=\"Rascador tres alturas para gatos\">\n\t\t\t\t\t<div class=\"e-gallery-image elementor-gallery-item__image\" data-thumbnail=\"https:\/\/pelosincentroveterinario.es\/wp-content\/uploads\/2020\/08\/DSC_0082-copy-1-300x200.jpg\" data-width=\"300\" data-height=\"200\" alt=\"Rascador tres alturas para gatos\" ><\/div>\n\t\t\t\t\t\t\t\t\t\t<div class=\"elementor-gallery-item__overlay\"><\/div>\n\t\t\t\t\t\t\t\t\t\t\t\t\t\t<\/a>\n\t\t\t\t\t<\/div>\n\t\t\t<\/div>\n\t\t\t\t<\/div>\n\t\t\t\t\t\t<\/div>\n\t\t\t\t\t<\/div>\n\t\t<\/div>\n\t\t\t\t\t\t\t\t<\/div>\n\t\t\t\t\t<\/div>\n\t\t<\/section>\n\t\t\t\t\t\t<\/div>\n\t\t\t\t\t\t<\/div>\n\t\t\t\t\t<\/div>\n\t\t","protected":false},"excerpt":{"rendered":"<p>Hotel de gatos Residencia felina en asturias Las instalaciones de nuestro hotel est\u00e1n dise\u00f1adas para que nuestros gatos se sientan como en casa. &nbsp;\u00a1Ven a conocernos! INSTALACIONES Habitaciones El hotel cuenta con 4 habitaciones de 3m\u00b2, con cabida de hasta 4 gatos de un mismo n\u00facleo familiar. Disponen de comedero, bebedero, arenero y cama individuales. [&hellip;]<\/p>\n","protected":false},"author":1,"featured_media":0,"parent":0,"menu_order":0,"comment_status":"closed","ping_status":"closed","template":"","meta":{"_themeisle_gutenberg_block_has_review":false,"footnotes":""},"class_list":["post-414","page","type-page","status-publish","hentry"],"yoast_head":"<!-- This site is optimized with the Yoast SEO plugin v22.7 - https:\/\/yoast.com\/wordpress\/plugins\/seo\/ -->\n<title>Pelos\u00edn - Hotel de gatos Gij\u00f3n, Asturias<\/title>\n<meta name=\"description\" content=\"Hotel de gatos Gij\u00f3n, Asturias. Residencia vacacional para gatos en Nuevo Roces. Residencia vacacional para gatos en Nuevo Roces, Gij\u00f3n.\" \/>\n<meta name=\"robots\" content=\"index, follow, max-snippet:-1, max-image-preview:large, max-video-preview:-1\" \/>\n<link rel=\"canonical\" href=\"https:\/\/pelosincentroveterinario.es\/index.php\/hotel-de-gatos\/\" \/>\n<meta property=\"og:locale\" content=\"es_ES\" \/>\n<meta property=\"og:type\" content=\"article\" \/>\n<meta property=\"og:title\" content=\"Pelos\u00edn - Hotel de gatos Gij\u00f3n, Asturias\" \/>\n<meta property=\"og:description\" content=\"Hotel de gatos Gij\u00f3n, Asturias. Residencia vacacional para gatos en Nuevo Roces. Residencia vacacional para gatos en Nuevo Roces, Gij\u00f3n.\" \/>\n<meta property=\"og:url\" content=\"https:\/\/pelosincentroveterinario.es\/index.php\/hotel-de-gatos\/\" \/>\n<meta property=\"og:site_name\" content=\"Pelos\u00edn Centro Veterinario\" \/>\n<meta property=\"article:modified_time\" content=\"2020-09-30T12:39:01+00:00\" \/>\n<meta property=\"og:image\" content=\"http:\/\/pelosincentroveterinario.es\/wp-content\/uploads\/2020\/08\/DSC_0084-1024x683.jpg\" \/>\n<meta name=\"twitter:card\" content=\"summary_large_image\" \/>\n<meta name=\"twitter:label1\" content=\"Tiempo de lectura\" \/>\n\t<meta name=\"twitter:data1\" content=\"1 minuto\" \/>\n<script type=\"application\/ld+json\" class=\"yoast-schema-graph\">{\"@context\":\"https:\/\/schema.org\",\"@graph\":[{\"@type\":\"WebPage\",\"@id\":\"https:\/\/pelosincentroveterinario.es\/index.php\/hotel-de-gatos\/\",\"url\":\"https:\/\/pelosincentroveterinario.es\/index.php\/hotel-de-gatos\/\",\"name\":\"Pelos\u00edn - Hotel de gatos Gij\u00f3n, Asturias\",\"isPartOf\":{\"@id\":\"http:\/\/pelosincentroveterinario.es\/#website\"},\"primaryImageOfPage\":{\"@id\":\"https:\/\/pelosincentroveterinario.es\/index.php\/hotel-de-gatos\/#primaryimage\"},\"image\":{\"@id\":\"https:\/\/pelosincentroveterinario.es\/index.php\/hotel-de-gatos\/#primaryimage\"},\"thumbnailUrl\":\"http:\/\/pelosincentroveterinario.es\/wp-content\/uploads\/2020\/08\/DSC_0084-1024x683.jpg\",\"datePublished\":\"2020-07-07T18:54:53+00:00\",\"dateModified\":\"2020-09-30T12:39:01+00:00\",\"description\":\"Hotel de gatos Gij\u00f3n, Asturias. Residencia vacacional para gatos en Nuevo Roces. Residencia vacacional para gatos en Nuevo Roces, Gij\u00f3n.\",\"breadcrumb\":{\"@id\":\"https:\/\/pelosincentroveterinario.es\/index.php\/hotel-de-gatos\/#breadcrumb\"},\"inLanguage\":\"es\",\"potentialAction\":[{\"@type\":\"ReadAction\",\"target\":[\"https:\/\/pelosincentroveterinario.es\/index.php\/hotel-de-gatos\/\"]}]},{\"@type\":\"ImageObject\",\"inLanguage\":\"es\",\"@id\":\"https:\/\/pelosincentroveterinario.es\/index.php\/hotel-de-gatos\/#primaryimage\",\"url\":\"https:\/\/pelosincentroveterinario.es\/wp-content\/uploads\/2020\/08\/DSC_0084-scaled.jpg\",\"contentUrl\":\"https:\/\/pelosincentroveterinario.es\/wp-content\/uploads\/2020\/08\/DSC_0084-scaled.jpg\",\"width\":2560,\"height\":1707,\"caption\":\"Residencia de gatos Asturias\"},{\"@type\":\"BreadcrumbList\",\"@id\":\"https:\/\/pelosincentroveterinario.es\/index.php\/hotel-de-gatos\/#breadcrumb\",\"itemListElement\":[{\"@type\":\"ListItem\",\"position\":1,\"name\":\"Portada\",\"item\":\"http:\/\/pelosincentroveterinario.es\/\"},{\"@type\":\"ListItem\",\"position\":2,\"name\":\"Hotel de gatos\"}]},{\"@type\":\"WebSite\",\"@id\":\"http:\/\/pelosincentroveterinario.es\/#website\",\"url\":\"http:\/\/pelosincentroveterinario.es\/\",\"name\":\"Pelos\u00edn Centro Veterinario - Hotel de gatos\",\"description\":\"Centro veterinario especializado en medicina felina y comprometido con el bienestar familiar.\",\"potentialAction\":[{\"@type\":\"SearchAction\",\"target\":{\"@type\":\"EntryPoint\",\"urlTemplate\":\"http:\/\/pelosincentroveterinario.es\/?s={search_term_string}\"},\"query-input\":\"required name=search_term_string\"}],\"inLanguage\":\"es\"}]}<\/script>\n<!-- \/ Yoast SEO plugin. -->","yoast_head_json":{"title":"Pelos\u00edn - Hotel de gatos Gij\u00f3n, Asturias","description":"Hotel de gatos Gij\u00f3n, Asturias. Residencia vacacional para gatos en Nuevo Roces. Residencia vacacional para gatos en Nuevo Roces, Gij\u00f3n.","robots":{"index":"index","follow":"follow","max-snippet":"max-snippet:-1","max-image-preview":"max-image-preview:large","max-video-preview":"max-video-preview:-1"},"canonical":"https:\/\/pelosincentroveterinario.es\/index.php\/hotel-de-gatos\/","og_locale":"es_ES","og_type":"article","og_title":"Pelos\u00edn - Hotel de gatos Gij\u00f3n, Asturias","og_description":"Hotel de gatos Gij\u00f3n, Asturias. Residencia vacacional para gatos en Nuevo Roces. Residencia vacacional para gatos en Nuevo Roces, Gij\u00f3n.","og_url":"https:\/\/pelosincentroveterinario.es\/index.php\/hotel-de-gatos\/","og_site_name":"Pelos\u00edn Centro Veterinario","article_modified_time":"2020-09-30T12:39:01+00:00","og_image":[{"url":"http:\/\/pelosincentroveterinario.es\/wp-content\/uploads\/2020\/08\/DSC_0084-1024x683.jpg"}],"twitter_card":"summary_large_image","twitter_misc":{"Tiempo de lectura":"1 minuto"},"schema":{"@context":"https:\/\/schema.org","@graph":[{"@type":"WebPage","@id":"https:\/\/pelosincentroveterinario.es\/index.php\/hotel-de-gatos\/","url":"https:\/\/pelosincentroveterinario.es\/index.php\/hotel-de-gatos\/","name":"Pelos\u00edn - Hotel de gatos Gij\u00f3n, Asturias","isPartOf":{"@id":"http:\/\/pelosincentroveterinario.es\/#website"},"primaryImageOfPage":{"@id":"https:\/\/pelosincentroveterinario.es\/index.php\/hotel-de-gatos\/#primaryimage"},"image":{"@id":"https:\/\/pelosincentroveterinario.es\/index.php\/hotel-de-gatos\/#primaryimage"},"thumbnailUrl":"http:\/\/pelosincentroveterinario.es\/wp-content\/uploads\/2020\/08\/DSC_0084-1024x683.jpg","datePublished":"2020-07-07T18:54:53+00:00","dateModified":"2020-09-30T12:39:01+00:00","description":"Hotel de gatos Gij\u00f3n, Asturias. Residencia vacacional para gatos en Nuevo Roces. Residencia vacacional para gatos en Nuevo Roces, Gij\u00f3n.","breadcrumb":{"@id":"https:\/\/pelosincentroveterinario.es\/index.php\/hotel-de-gatos\/#breadcrumb"},"inLanguage":"es","potentialAction":[{"@type":"ReadAction","target":["https:\/\/pelosincentroveterinario.es\/index.php\/hotel-de-gatos\/"]}]},{"@type":"ImageObject","inLanguage":"es","@id":"https:\/\/pelosincentroveterinario.es\/index.php\/hotel-de-gatos\/#primaryimage","url":"https:\/\/pelosincentroveterinario.es\/wp-content\/uploads\/2020\/08\/DSC_0084-scaled.jpg","contentUrl":"https:\/\/pelosincentroveterinario.es\/wp-content\/uploads\/2020\/08\/DSC_0084-scaled.jpg","width":2560,"height":1707,"caption":"Residencia de gatos Asturias"},{"@type":"BreadcrumbList","@id":"https:\/\/pelosincentroveterinario.es\/index.php\/hotel-de-gatos\/#breadcrumb","itemListElement":[{"@type":"ListItem","position":1,"name":"Portada","item":"http:\/\/pelosincentroveterinario.es\/"},{"@type":"ListItem","position":2,"name":"Hotel de gatos"}]},{"@type":"WebSite","@id":"http:\/\/pelosincentroveterinario.es\/#website","url":"http:\/\/pelosincentroveterinario.es\/","name":"Pelos\u00edn Centro Veterinario - Hotel de gatos","description":"Centro veterinario especializado en medicina felina y comprometido con el bienestar familiar.","potentialAction":[{"@type":"SearchAction","target":{"@type":"EntryPoint","urlTemplate":"http:\/\/pelosincentroveterinario.es\/?s={search_term_string}"},"query-input":"required name=search_term_string"}],"inLanguage":"es"}]}},"_links":{"self":[{"href":"https:\/\/pelosincentroveterinario.es\/index.php\/wp-json\/wp\/v2\/pages\/414","targetHints":{"allow":["GET"]}}],"collection":[{"href":"https:\/\/pelosincentroveterinario.es\/index.php\/wp-json\/wp\/v2\/pages"}],"about":[{"href":"https:\/\/pelosincentroveterinario.es\/index.php\/wp-json\/wp\/v2\/types\/page"}],"author":[{"embeddable":true,"href":"https:\/\/pelosincentroveterinario.es\/index.php\/wp-json\/wp\/v2\/users\/1"}],"replies":[{"embeddable":true,"href":"https:\/\/pelosincentroveterinario.es\/index.php\/wp-json\/wp\/v2\/comments?post=414"}],"version-history":[{"count":35,"href":"https:\/\/pelosincentroveterinario.es\/index.php\/wp-json\/wp\/v2\/pages\/414\/revisions"}],"predecessor-version":[{"id":799,"href":"https:\/\/pelosincentroveterinario.es\/index.php\/wp-json\/wp\/v2\/pages\/414\/revisions\/799"}],"wp:attachment":[{"href":"https:\/\/pelosincentroveterinario.es\/index.php\/wp-json\/wp\/v2\/media?parent=414"}],"curies":[{"name":"wp","href":"https:\/\/api.w.org\/{rel}","templated":true}]}}