{"id":473,"date":"2020-07-10T13:40:57","date_gmt":"2020-07-10T13:40:57","guid":{"rendered":"http:\/\/pelosincentroveterinario.es\/?page_id=473"},"modified":"2020-08-11T12:31:51","modified_gmt":"2020-08-11T12:31:51","slug":"aviso-legal","status":"publish","type":"page","link":"http:\/\/pelosincentroveterinario.es\/index.php\/aviso-legal\/","title":{"rendered":"Aviso legal"},"content":{"rendered":"\t\t<div data-elementor-type=\"wp-page\" data-elementor-id=\"473\" class=\"elementor elementor-473\" data-elementor-settings=\"[]\">\n\t\t\t\t\t\t<div class=\"elementor-inner\">\n\t\t\t\t\t\t\t<div class=\"elementor-section-wrap\">\n\t\t\t\t\t\t\t<section class=\"elementor-section elementor-top-section elementor-element elementor-element-a5d13b5 elementor-section-boxed elementor-section-height-default elementor-section-height-default\" data-id=\"a5d13b5\" data-element_type=\"section\">\n\t\t\t\t\t\t<div class=\"elementor-container elementor-column-gap-default\">\n\t\t\t\t\t\t\t<div class=\"elementor-row\">\n\t\t\t\t\t<div class=\"elementor-column elementor-col-100 elementor-top-column elementor-element elementor-element-e7bc4d8\" data-id=\"e7bc4d8\" data-element_type=\"column\">\n\t\t\t<div class=\"elementor-column-wrap elementor-element-populated\">\n\t\t\t\t\t\t\t<div class=\"elementor-widget-wrap\">\n\t\t\t\t\t\t<div class=\"elementor-element elementor-element-3bedf68 elementor-widget elementor-widget-heading\" data-id=\"3bedf68\" data-element_type=\"widget\" data-widget_type=\"heading.default\">\n\t\t\t\t<div class=\"elementor-widget-container\">\n\t\t\t<h2 class=\"elementor-heading-title elementor-size-default\">Aviso legal<\/h2>\t\t<\/div>\n\t\t\t\t<\/div>\n\t\t\t\t<div class=\"elementor-element elementor-element-152a663 elementor-widget elementor-widget-text-editor\" data-id=\"152a663\" data-element_type=\"widget\" data-widget_type=\"text-editor.default\">\n\t\t\t\t<div class=\"elementor-widget-container\">\n\t\t\t\t\t\t\t\t<div class=\"elementor-text-editor elementor-clearfix\">\n\t\t\t\t<p><b>LUJ\u00c1N REA FERN\u00c1NDEZ<\/b>, provisto con <b>NIF\/CIF 53554214-W<\/b>, direcci\u00f3n en <b>GIJON, AVENIDA DE ROCES, 1140. BAJO<\/b>, no puede asumir ninguna responsabilidad derivada del uso incorrecto, inapropiado o il\u00edcito de la informaci\u00f3n aparecida en esta p\u00e1gina de Internet. Con los l\u00edmites establecidos en la ley, <b>LUJ\u00c1N REA FERN\u00c1NDEZ <\/b>no asume ninguna responsabilidad derivada de la falta de veracidad, integridad, actualizaci\u00f3n y precisi\u00f3n de los datos o informaciones que se contienen en sus p\u00e1ginas de Internet.<span class=\"Apple-converted-space\">&nbsp;<\/span><\/p>\n<p>Los contenidos e informaci\u00f3n no vinculan a <b>LUJ\u00c1N REA FERN\u00c1NDEZ <\/b>ni constituyen opiniones, consejos o asesoramiento legal de ning\u00fan tipo pues se trata meramente de un servicio ofrecido con car\u00e1cter informativo y divulgativo. La p\u00e1gina de Internet de <b>LUJ\u00c1N REA FERN\u00c1NDEZ <\/b>puede contener enlaces (links) a otras p\u00e1ginas de terceras partes que no puede controlar. Por lo tanto, <b>LUJ\u00c1N REA FERN\u00c1NDEZ <\/b>no puede asumir responsabilidades por el contenido que pueda aparecer en p\u00e1ginas de terceros. Los textos, im\u00e1genes, sonidos, animaciones, software y el resto de los contenidos incluidos en este website son propiedad exclusiva de <b>LUJ\u00c1N REA FERN\u00c1NDEZ <\/b>o sus licenciantes. Cualquier acto de transmisi\u00f3n, distribuci\u00f3n, cesi\u00f3n, reproducci\u00f3n, almacenamiento o comunicaci\u00f3n p\u00fablica total o parcial, debe contar con el consentimiento expreso de <b>LUJ\u00c1N REA FERN\u00c1NDEZ<span class=\"Apple-converted-space\">&nbsp;<\/span><\/b><\/p>\n<p>Asimismo, para acceder a algunos de los servicios que <b>LUJ\u00c1N REA FERN\u00c1NDEZ <\/b>ofrece a trav\u00e9s del website deber\u00e1 proporcionar algunos datos de car\u00e1cter personal. En cumplimiento de lo establecido en el Reglamento (UE) 2016\/679 del Parlamento Europeo y del Consejo, de 27 de abril de 2016, relativo a la protecci\u00f3n de las personas f\u00edsicas en lo que respecta al tratamiento de datos personales y a la libre circulaci\u00f3n de estos datos le informamos que, mediante la cumplimentaci\u00f3n de los presentes formularios, sus datos personales quedar\u00e1n incorporados y ser\u00e1n tratados en los ficheros de <b>LUJ\u00c1N REA FERN\u00c1NDEZ <\/b>con el fin de poderle prestar y ofrecer nuestros servicios as\u00ed como para informarle de las mejoras del sitio Web. Asimismo, le informamos de la posibilidad de que ejerza los derechos de acceso, rectificaci\u00f3n, cancelaci\u00f3n y oposici\u00f3n de sus datos de car\u00e1cter personal, manera gratuita mediante email a reafdez@gmail.com o en la direcci\u00f3n <b>AVENIDA DE ROCES, 1140. BAJO, 33209, GIJON, ASTURIAS<\/b>.<span class=\"Apple-converted-space\">&nbsp;<\/span><\/p>\t\t\t\t\t<\/div>\n\t\t\t\t\t\t<\/div>\n\t\t\t\t<\/div>\n\t\t\t\t\t\t<\/div>\n\t\t\t\t\t<\/div>\n\t\t<\/div>\n\t\t\t\t\t\t\t\t<\/div>\n\t\t\t\t\t<\/div>\n\t\t<\/section>\n\t\t\t\t\t\t<\/div>\n\t\t\t\t\t\t<\/div>\n\t\t\t\t\t<\/div>\n\t\t","protected":false},"excerpt":{"rendered":"<p>Aviso legal LUJ\u00c1N REA FERN\u00c1NDEZ, provisto con NIF\/CIF 53554214-W, direcci\u00f3n en GIJON, AVENIDA DE ROCES, 1140. BAJO, no puede asumir ninguna responsabilidad derivada del uso incorrecto, inapropiado o il\u00edcito de la informaci\u00f3n aparecida en esta p\u00e1gina de Internet. Con los l\u00edmites establecidos en la ley, LUJ\u00c1N REA FERN\u00c1NDEZ no asume ninguna responsabilidad derivada de la [&hellip;]<\/p>\n","protected":false},"author":1,"featured_media":0,"parent":0,"menu_order":0,"comment_status":"closed","ping_status":"closed","template":"","meta":{"_themeisle_gutenberg_block_has_review":false,"footnotes":""},"class_list":["post-473","page","type-page","status-publish","hentry"],"yoast_head":"<!-- This site is optimized with the Yoast SEO plugin v22.7 - https:\/\/yoast.com\/wordpress\/plugins\/seo\/ -->\n<title>Aviso legal - Pelos\u00edn Centro Veterinario<\/title>\n<meta name=\"robots\" content=\"index, follow, max-snippet:-1, max-image-preview:large, max-video-preview:-1\" \/>\n<link rel=\"canonical\" href=\"http:\/\/pelosincentroveterinario.es\/index.php\/aviso-legal\/\" \/>\n<meta property=\"og:locale\" content=\"es_ES\" \/>\n<meta property=\"og:type\" content=\"article\" \/>\n<meta property=\"og:title\" content=\"Aviso legal - Pelos\u00edn Centro Veterinario\" \/>\n<meta property=\"og:description\" content=\"Aviso legal LUJ\u00c1N REA FERN\u00c1NDEZ, provisto con NIF\/CIF 53554214-W, direcci\u00f3n en GIJON, AVENIDA DE ROCES, 1140. BAJO, no puede asumir ninguna responsabilidad derivada del uso incorrecto, inapropiado o il\u00edcito de la informaci\u00f3n aparecida en esta p\u00e1gina de Internet. Con los l\u00edmites establecidos en la ley, LUJ\u00c1N REA FERN\u00c1NDEZ no asume ninguna responsabilidad derivada de la [&hellip;]\" \/>\n<meta property=\"og:url\" content=\"http:\/\/pelosincentroveterinario.es\/index.php\/aviso-legal\/\" \/>\n<meta property=\"og:site_name\" content=\"Pelos\u00edn Centro Veterinario\" \/>\n<meta property=\"article:modified_time\" content=\"2020-08-11T12:31:51+00:00\" \/>\n<meta name=\"twitter:card\" content=\"summary_large_image\" \/>\n<meta name=\"twitter:label1\" content=\"Tiempo de lectura\" \/>\n\t<meta name=\"twitter:data1\" content=\"2 minutos\" \/>\n<script type=\"application\/ld+json\" class=\"yoast-schema-graph\">{\"@context\":\"https:\/\/schema.org\",\"@graph\":[{\"@type\":\"WebPage\",\"@id\":\"http:\/\/pelosincentroveterinario.es\/index.php\/aviso-legal\/\",\"url\":\"http:\/\/pelosincentroveterinario.es\/index.php\/aviso-legal\/\",\"name\":\"Aviso legal - Pelos\u00edn Centro Veterinario\",\"isPartOf\":{\"@id\":\"https:\/\/pelosincentroveterinario.es\/#website\"},\"datePublished\":\"2020-07-10T13:40:57+00:00\",\"dateModified\":\"2020-08-11T12:31:51+00:00\",\"breadcrumb\":{\"@id\":\"http:\/\/pelosincentroveterinario.es\/index.php\/aviso-legal\/#breadcrumb\"},\"inLanguage\":\"es\",\"potentialAction\":[{\"@type\":\"ReadAction\",\"target\":[\"http:\/\/pelosincentroveterinario.es\/index.php\/aviso-legal\/\"]}]},{\"@type\":\"BreadcrumbList\",\"@id\":\"http:\/\/pelosincentroveterinario.es\/index.php\/aviso-legal\/#breadcrumb\",\"itemListElement\":[{\"@type\":\"ListItem\",\"position\":1,\"name\":\"Portada\",\"item\":\"https:\/\/pelosincentroveterinario.es\/\"},{\"@type\":\"ListItem\",\"position\":2,\"name\":\"Aviso legal\"}]},{\"@type\":\"WebSite\",\"@id\":\"https:\/\/pelosincentroveterinario.es\/#website\",\"url\":\"https:\/\/pelosincentroveterinario.es\/\",\"name\":\"Pelos\u00edn Centro Veterinario - Hotel de gatos\",\"description\":\"Centro veterinario especializado en medicina felina y comprometido con el bienestar familiar.\",\"potentialAction\":[{\"@type\":\"SearchAction\",\"target\":{\"@type\":\"EntryPoint\",\"urlTemplate\":\"https:\/\/pelosincentroveterinario.es\/?s={search_term_string}\"},\"query-input\":\"required name=search_term_string\"}],\"inLanguage\":\"es\"}]}<\/script>\n<!-- \/ Yoast SEO plugin. -->","yoast_head_json":{"title":"Aviso legal - Pelos\u00edn Centro Veterinario","robots":{"index":"index","follow":"follow","max-snippet":"max-snippet:-1","max-image-preview":"max-image-preview:large","max-video-preview":"max-video-preview:-1"},"canonical":"http:\/\/pelosincentroveterinario.es\/index.php\/aviso-legal\/","og_locale":"es_ES","og_type":"article","og_title":"Aviso legal - Pelos\u00edn Centro Veterinario","og_description":"Aviso legal LUJ\u00c1N REA FERN\u00c1NDEZ, provisto con NIF\/CIF 53554214-W, direcci\u00f3n en GIJON, AVENIDA DE ROCES, 1140. BAJO, no puede asumir ninguna responsabilidad derivada del uso incorrecto, inapropiado o il\u00edcito de la informaci\u00f3n aparecida en esta p\u00e1gina de Internet. Con los l\u00edmites establecidos en la ley, LUJ\u00c1N REA FERN\u00c1NDEZ no asume ninguna responsabilidad derivada de la [&hellip;]","og_url":"http:\/\/pelosincentroveterinario.es\/index.php\/aviso-legal\/","og_site_name":"Pelos\u00edn Centro Veterinario","article_modified_time":"2020-08-11T12:31:51+00:00","twitter_card":"summary_large_image","twitter_misc":{"Tiempo de lectura":"2 minutos"},"schema":{"@context":"https:\/\/schema.org","@graph":[{"@type":"WebPage","@id":"http:\/\/pelosincentroveterinario.es\/index.php\/aviso-legal\/","url":"http:\/\/pelosincentroveterinario.es\/index.php\/aviso-legal\/","name":"Aviso legal - Pelos\u00edn Centro Veterinario","isPartOf":{"@id":"https:\/\/pelosincentroveterinario.es\/#website"},"datePublished":"2020-07-10T13:40:57+00:00","dateModified":"2020-08-11T12:31:51+00:00","breadcrumb":{"@id":"http:\/\/pelosincentroveterinario.es\/index.php\/aviso-legal\/#breadcrumb"},"inLanguage":"es","potentialAction":[{"@type":"ReadAction","target":["http:\/\/pelosincentroveterinario.es\/index.php\/aviso-legal\/"]}]},{"@type":"BreadcrumbList","@id":"http:\/\/pelosincentroveterinario.es\/index.php\/aviso-legal\/#breadcrumb","itemListElement":[{"@type":"ListItem","position":1,"name":"Portada","item":"https:\/\/pelosincentroveterinario.es\/"},{"@type":"ListItem","position":2,"name":"Aviso legal"}]},{"@type":"WebSite","@id":"https:\/\/pelosincentroveterinario.es\/#website","url":"https:\/\/pelosincentroveterinario.es\/","name":"Pelos\u00edn Centro Veterinario - Hotel de gatos","description":"Centro veterinario especializado en medicina felina y comprometido con el bienestar familiar.","potentialAction":[{"@type":"SearchAction","target":{"@type":"EntryPoint","urlTemplate":"https:\/\/pelosincentroveterinario.es\/?s={search_term_string}"},"query-input":"required name=search_term_string"}],"inLanguage":"es"}]}},"_links":{"self":[{"href":"http:\/\/pelosincentroveterinario.es\/index.php\/wp-json\/wp\/v2\/pages\/473","targetHints":{"allow":["GET"]}}],"collection":[{"href":"http:\/\/pelosincentroveterinario.es\/index.php\/wp-json\/wp\/v2\/pages"}],"about":[{"href":"http:\/\/pelosincentroveterinario.es\/index.php\/wp-json\/wp\/v2\/types\/page"}],"author":[{"embeddable":true,"href":"http:\/\/pelosincentroveterinario.es\/index.php\/wp-json\/wp\/v2\/users\/1"}],"replies":[{"embeddable":true,"href":"http:\/\/pelosincentroveterinario.es\/index.php\/wp-json\/wp\/v2\/comments?post=473"}],"version-history":[{"count":6,"href":"http:\/\/pelosincentroveterinario.es\/index.php\/wp-json\/wp\/v2\/pages\/473\/revisions"}],"predecessor-version":[{"id":579,"href":"http:\/\/pelosincentroveterinario.es\/index.php\/wp-json\/wp\/v2\/pages\/473\/revisions\/579"}],"wp:attachment":[{"href":"http:\/\/pelosincentroveterinario.es\/index.php\/wp-json\/wp\/v2\/media?parent=473"}],"curies":[{"name":"wp","href":"https:\/\/api.w.org\/{rel}","templated":true}]}}